{"id":617,"date":"2025-10-27T20:36:39","date_gmt":"2025-10-27T20:36:39","guid":{"rendered":"https:\/\/restaurantealegrias.es\/?page_id=617"},"modified":"2025-11-15T16:39:00","modified_gmt":"2025-11-15T16:39:00","slug":"nuestracarta","status":"publish","type":"page","link":"https:\/\/restaurantealegrias.es\/?page_id=617","title":{"rendered":"Nuestra carta"},"content":{"rendered":"\t\t<div data-elementor-type=\"wp-page\" data-elementor-id=\"617\" class=\"elementor elementor-617\">\n\t\t\t\t\t\t<section class=\"elementor-section elementor-top-section elementor-element elementor-element-78c87c7 elementor-section-boxed elementor-section-height-default elementor-section-height-default\" data-id=\"78c87c7\" data-element_type=\"section\" data-e-type=\"section\">\n\t\t\t\t\t\t<div class=\"elementor-container elementor-column-gap-default\">\n\t\t\t\t\t<div class=\"elementor-column elementor-col-100 elementor-top-column elementor-element elementor-element-0cd5121\" data-id=\"0cd5121\" data-element_type=\"column\" data-e-type=\"column\">\n\t\t\t<div class=\"elementor-widget-wrap elementor-element-populated\">\n\t\t\t\t\t\t<div class=\"elementor-element elementor-element-daa313e elementor-widget elementor-widget-heading\" data-id=\"daa313e\" data-element_type=\"widget\" data-e-type=\"widget\" data-widget_type=\"heading.default\">\n\t\t\t\t<div class=\"elementor-widget-container\">\n\t\t\t\t\t<h1 class=\"elementor-heading-title elementor-size-large\">Selecci\u00f3n de aperitivos<\/h1>\t\t\t\t<\/div>\n\t\t\t\t<\/div>\n\t\t\t\t<div class=\"elementor-element elementor-element-a2964bc elementor-invisible elementor-widget elementor-widget-text-editor\" data-id=\"a2964bc\" data-element_type=\"widget\" data-e-type=\"widget\" data-settings=\"{&quot;_animation&quot;:&quot;pulse&quot;,&quot;_animation_delay&quot;:100}\" data-widget_type=\"text-editor.default\">\n\t\t\t\t<div class=\"elementor-widget-container\">\n\t\t\t\t\t\t\t\t\t<p style=\"text-align: center;\"><span style=\"font-size: 14pt;\">Jam\u00f3n Ib\u00e9rico de Bellota<\/span><\/p><p style=\"text-align: center;\"><span style=\"font-size: 14pt;\">Queso Manchego<\/span><\/p><p style=\"text-align: center;\"><span style=\"font-size: 14pt;\">Boquerones Macerados<\/span><\/p><p style=\"text-align: center;\"><span style=\"font-size: 14pt;\">Torrija de Anchoas del Cant\u00e1brico<\/span><\/p><p style=\"text-align: center;\"><span style=\"font-size: 14pt;\">Milhojas de Manzana Crujiente con Foie y P.X<\/span><\/p><p style=\"text-align: center;\"><span style=\"font-size: 14pt;\">Tataki de At\u00fan<\/span><\/p><p style=\"text-align: center;\"><span style=\"font-size: 14pt;\">Brioche de At\u00fan<\/span><\/p><p style=\"text-align: center;\"><span style=\"font-size: 14pt;\">Canel\u00f3n de Aguacate relleno de txangurro con gel de mango<\/span><\/p><p style=\"text-align: center;\"><span style=\"font-size: 14pt; letter-spacing: 0px;\">Croqueta de Boletus<\/span><\/p><p style=\"text-align: center;\"><span style=\"font-size: 14pt;\">Croqueta de Jam\u00f3n Ib\u00e9rico<\/span><\/p><p style=\"text-align: center;\"><span style=\"font-size: 14pt;\">Crujiente de Langostinos<\/span><\/p><p style=\"text-align: center;\"><span style=\"font-size: 14pt;\">Pulpo a la Parrilla con Royal de Pimiento Choricero<\/span><\/p><p style=\"text-align: center;\"><span style=\"font-size: 14pt;\">Alcachofa en Flor<\/span><\/p><p style=\"text-align: center;\"><span style=\"font-size: 14pt;\">Almejas en Salsa Marinera<\/span><\/p><p style=\"text-align: center;\"><span style=\"font-size: 14pt;\">Solomillo de vieira con\u00a0<\/span><span style=\"font-size: large;\">duele de setas y salsa de chalotas<\/span><\/p><p style=\"text-align: center;\"><span style=\"font-size: 14pt;\">Manita Crujiente<\/span><\/p>\t\t\t\t\t\t\t\t<\/div>\n\t\t\t\t<\/div>\n\t\t\t\t<div class=\"elementor-element elementor-element-d44923d elementor-widget elementor-widget-heading\" data-id=\"d44923d\" data-element_type=\"widget\" data-e-type=\"widget\" data-widget_type=\"heading.default\">\n\t\t\t\t<div class=\"elementor-widget-container\">\n\t\t\t\t\t<h2 class=\"elementor-heading-title elementor-size-default\">Ensalada<\/h2>\t\t\t\t<\/div>\n\t\t\t\t<\/div>\n\t\t\t\t<div class=\"elementor-element elementor-element-b86019a elementor-invisible elementor-widget elementor-widget-text-editor\" data-id=\"b86019a\" data-element_type=\"widget\" data-e-type=\"widget\" data-settings=\"{&quot;_animation&quot;:&quot;pulse&quot;}\" data-widget_type=\"text-editor.default\">\n\t\t\t\t<div class=\"elementor-widget-container\">\n\t\t\t\t\t\t\t\t\t<p style=\"font-family: Raleway, Helvetica, Arial, sans-serif; font-style: normal; font-variant-caps: normal; text-align: center;\"><span style=\"font-size: large;\">Ensalada de Ventresca de At\u00fan<\/span><\/p><p style=\"font-family: Raleway, Helvetica, Arial, sans-serif; font-size: 14px; font-style: normal; font-variant-caps: normal; text-align: center;\"><span style=\"font-size: 14pt;\">Ensaladilla de la Casa<\/span><\/p>\t\t\t\t\t\t\t\t<\/div>\n\t\t\t\t<\/div>\n\t\t\t\t<div class=\"elementor-element elementor-element-ec261ba elementor-widget elementor-widget-heading\" data-id=\"ec261ba\" data-element_type=\"widget\" data-e-type=\"widget\" data-widget_type=\"heading.default\">\n\t\t\t\t<div class=\"elementor-widget-container\">\n\t\t\t\t\t<h2 class=\"elementor-heading-title elementor-size-default\">Del mar<\/h2>\t\t\t\t<\/div>\n\t\t\t\t<\/div>\n\t\t\t\t<div class=\"elementor-element elementor-element-2851ef4 elementor-invisible elementor-widget elementor-widget-text-editor\" data-id=\"2851ef4\" data-element_type=\"widget\" data-e-type=\"widget\" data-settings=\"{&quot;_animation&quot;:&quot;pulse&quot;}\" data-widget_type=\"text-editor.default\">\n\t\t\t\t<div class=\"elementor-widget-container\">\n\t\t\t\t\t\t\t\t\t<p style=\"text-align: center;\"><span style=\"font-size: 14pt; letter-spacing: 0px;\">Merluza de\u00a0<\/span><span style=\"font-size: large;\">Pinto<\/span><\/p><p style=\"text-align: center;\"><span style=\"font-size: large;\">Rodaballo a la Parrilla con Salsa de Setas de Cardo y Trigueros<\/span><\/p><p style=\"text-align: center;\"><span style=\"font-size: large;\">Lomo de Lubina Salvaje con Refrito de Ajetes y Tirabeques<\/span><\/p><p style=\"text-align: center;\"><span style=\"font-size: large;\">Lomo de Bacalao al Orly sobre Pisto Manchego<\/span><\/p>\t\t\t\t\t\t\t\t<\/div>\n\t\t\t\t<\/div>\n\t\t\t\t<div class=\"elementor-element elementor-element-6ae14d2 elementor-widget elementor-widget-heading\" data-id=\"6ae14d2\" data-element_type=\"widget\" data-e-type=\"widget\" data-widget_type=\"heading.default\">\n\t\t\t\t<div class=\"elementor-widget-container\">\n\t\t\t\t\t<h2 class=\"elementor-heading-title elementor-size-default\">Nuestras carnes y asados<\/h2>\t\t\t\t<\/div>\n\t\t\t\t<\/div>\n\t\t\t\t<div class=\"elementor-element elementor-element-8d541cb elementor-invisible elementor-widget elementor-widget-text-editor\" data-id=\"8d541cb\" data-element_type=\"widget\" data-e-type=\"widget\" data-settings=\"{&quot;_animation&quot;:&quot;pulse&quot;}\" data-widget_type=\"text-editor.default\">\n\t\t\t\t<div class=\"elementor-widget-container\">\n\t\t\t\t\t\t\t\t\t<p style=\"font-family: Raleway, Helvetica, Arial, sans-serif; font-size: 14px; font-style: normal; font-variant-caps: normal; text-align: center;\"><span style=\"font-size: 14pt;\">Chuletas de Lechal a la Brasa con Guarnici\u00f3n<\/span><\/p>\n<p style=\"font-family: Raleway, Helvetica, Arial, sans-serif; font-style: normal; font-variant-caps: normal; text-align: center;\"><span style=\"font-size: large;\">Chulet\u00f3n de \u00c1vila a la Brasa con Guarnici\u00f3n<\/span><\/p>\n<p style=\"font-family: Raleway, Helvetica, Arial, sans-serif; font-style: normal; font-variant-caps: normal; text-align: center;\"><span style=\"font-size: large;\">Solomillo de Ternera de A\u00f1ojo<\/span><\/p>\n<p style=\"font-family: Raleway, Helvetica, Arial, sans-serif; font-style: normal; font-variant-caps: normal; text-align: center;\"><span style=\"font-size: large;\">Solomillo con Foie&nbsp;<\/span><\/p>\n<p style=\"font-family: Raleway, Helvetica, Arial, sans-serif; font-style: normal; font-variant-caps: normal; text-align: center;\"><span style=\"font-size: large;\">Paletilla de Lechal asada al Horno de Le\u00f1a<\/span><\/p>\n<p style=\"font-family: Raleway, Helvetica, Arial, sans-serif; font-style: normal; font-variant-caps: normal; text-align: center;\"><span style=\"font-size: large;\">Costillar de Recental<\/span><\/p>\n<p style=\"font-family: Raleway, Helvetica, Arial, sans-serif; font-style: normal; font-variant-caps: normal; text-align: center;\"><span style=\"font-size: large;\">Chulet\u00f3n de Vaca Madurada<\/span><\/p>\t\t\t\t\t\t\t\t<\/div>\n\t\t\t\t<\/div>\n\t\t\t\t<div class=\"elementor-element elementor-element-4017cf2 elementor-widget elementor-widget-heading\" data-id=\"4017cf2\" data-element_type=\"widget\" data-e-type=\"widget\" data-widget_type=\"heading.default\">\n\t\t\t\t<div class=\"elementor-widget-container\">\n\t\t\t\t\t<h2 class=\"elementor-heading-title elementor-size-default\">Del Repostero<\/h2>\t\t\t\t<\/div>\n\t\t\t\t<\/div>\n\t\t\t\t<div class=\"elementor-element elementor-element-0ed61fa elementor-invisible elementor-widget elementor-widget-text-editor\" data-id=\"0ed61fa\" data-element_type=\"widget\" data-e-type=\"widget\" data-settings=\"{&quot;_animation&quot;:&quot;pulse&quot;}\" data-widget_type=\"text-editor.default\">\n\t\t\t\t<div class=\"elementor-widget-container\">\n\t\t\t\t\t\t\t\t\t<p style=\"font-family: Raleway, Helvetica, Arial, sans-serif; font-size: 14px; font-style: normal; font-variant-caps: normal; text-align: center;\"><span style=\"font-size: 14pt;\">Sufl\u00e9 de Melocot\u00f3n<\/span><\/p><p style=\"font-family: Raleway, Helvetica, Arial, sans-serif; font-size: 14px; font-style: normal; font-variant-caps: normal; text-align: center;\"><span style=\"font-size: 14pt;\">Coco-Menta-Pasi\u00f3n<\/span><\/p><p style=\"font-family: Raleway, Helvetica, Arial, sans-serif; font-size: 14px; font-style: normal; font-variant-caps: normal; text-align: center;\"><span style=\"font-size: 14pt;\">Hojaldre de Manzana<\/span><\/p><p style=\"text-align: center;\"><span style=\"font-size: large;\">Milhojas de Hojaldre<\/span><\/p><p style=\"text-align: center;\"><span style=\"font-size: large;\">Biscuit de Turr\u00f3n<\/span><\/p><p style=\"text-align: center;\"><span style=\"font-size: large;\">Trampantojo del Repostero<\/span><\/p><p style=\"text-align: center;\"><span style=\"font-size: large;\">Esponja de Chocolate<\/span><\/p><p style=\"text-align: center;\"><span style=\"font-size: large;\">Coulant de Avellana<\/span><\/p><p style=\"text-align: center;\"><span style=\"font-size: large;\">Coulant de Pistacho<\/span><\/p><p style=\"text-align: center;\"><span style=\"font-size: large;\">Pastel Ferrero\u00a0<\/span><\/p><p style=\"text-align: center;\"><span style=\"font-size: large;\">Melocot\u00f3n<\/span><\/p><p style=\"text-align: center;\"><span style=\"font-size: large;\">Mundo C\u00edtrico<\/span><\/p>\t\t\t\t\t\t\t\t<\/div>\n\t\t\t\t<\/div>\n\t\t\t\t\t<\/div>\n\t\t<\/div>\n\t\t\t\t\t<\/div>\n\t\t<\/section>\n\t\t\t\t<section class=\"elementor-section elementor-top-section elementor-element elementor-element-2558d7d elementor-section-boxed elementor-section-height-default elementor-section-height-default\" data-id=\"2558d7d\" data-element_type=\"section\" data-e-type=\"section\">\n\t\t\t\t\t\t<div class=\"elementor-container elementor-column-gap-default\">\n\t\t\t\t\t<div class=\"elementor-column elementor-col-100 elementor-top-column elementor-element elementor-element-aaf9c9d\" data-id=\"aaf9c9d\" data-element_type=\"column\" data-e-type=\"column\">\n\t\t\t<div class=\"elementor-widget-wrap\">\n\t\t\t\t\t\t\t<\/div>\n\t\t<\/div>\n\t\t\t\t\t<\/div>\n\t\t<\/section>\n\t\t\t\t<section class=\"elementor-section elementor-top-section elementor-element elementor-element-56cc5aa elementor-section-boxed elementor-section-height-default elementor-section-height-default\" data-id=\"56cc5aa\" data-element_type=\"section\" data-e-type=\"section\">\n\t\t\t\t\t\t<div class=\"elementor-container elementor-column-gap-default\">\n\t\t\t\t\t<div class=\"elementor-column elementor-col-100 elementor-top-column elementor-element elementor-element-b91a908\" data-id=\"b91a908\" data-element_type=\"column\" data-e-type=\"column\">\n\t\t\t<div class=\"elementor-widget-wrap elementor-element-populated\">\n\t\t\t\t\t\t<div class=\"elementor-element elementor-element-0e55dad elementor-align-center elementor-widget elementor-widget-button\" data-id=\"0e55dad\" data-element_type=\"widget\" data-e-type=\"widget\" data-widget_type=\"button.default\">\n\t\t\t\t<div class=\"elementor-widget-container\">\n\t\t\t\t\t\t\t\t\t<div class=\"elementor-button-wrapper\">\n\t\t\t\t\t<a class=\"elementor-button elementor-button-link elementor-size-md\" href=\"https:\/\/restaurantealegrias.es\/wp-content\/uploads\/2025\/11\/ALERGENOS-ALEGRIAS.pdf\" target=\"_blank\">\n\t\t\t\t\t\t<span class=\"elementor-button-content-wrapper\">\n\t\t\t\t\t\t\t\t\t<span class=\"elementor-button-text\">Consulta Aqu\u00ed los Al\u00e9rgenos<\/span>\n\t\t\t\t\t<\/span>\n\t\t\t\t\t<\/a>\n\t\t\t\t<\/div>\n\t\t\t\t\t\t\t\t<\/div>\n\t\t\t\t<\/div>\n\t\t\t\t\t<\/div>\n\t\t<\/div>\n\t\t\t\t\t<\/div>\n\t\t<\/section>\n\t\t\t\t<\/div>\n\t\t","protected":false},"excerpt":{"rendered":"<p>Selecci\u00f3n de aperitivos Jam\u00f3n Ib\u00e9rico de Bellota Queso Manchego Boquerones Macerados Torrija de Anchoas del Cant\u00e1brico Milhojas de Manzana Crujiente con Foie y P.X Tataki de<span class=\"excerpt-hellip\"> [\u2026]<\/span><\/p>\n","protected":false},"author":1,"featured_media":0,"parent":0,"menu_order":0,"comment_status":"closed","ping_status":"closed","template":"","meta":{"footnotes":""},"class_list":["post-617","page","type-page","status-publish","hentry"],"_links":{"self":[{"href":"https:\/\/restaurantealegrias.es\/index.php?rest_route=\/wp\/v2\/pages\/617","targetHints":{"allow":["GET"]}}],"collection":[{"href":"https:\/\/restaurantealegrias.es\/index.php?rest_route=\/wp\/v2\/pages"}],"about":[{"href":"https:\/\/restaurantealegrias.es\/index.php?rest_route=\/wp\/v2\/types\/page"}],"author":[{"embeddable":true,"href":"https:\/\/restaurantealegrias.es\/index.php?rest_route=\/wp\/v2\/users\/1"}],"replies":[{"embeddable":true,"href":"https:\/\/restaurantealegrias.es\/index.php?rest_route=%2Fwp%2Fv2%2Fcomments&post=617"}],"version-history":[{"count":16,"href":"https:\/\/restaurantealegrias.es\/index.php?rest_route=\/wp\/v2\/pages\/617\/revisions"}],"predecessor-version":[{"id":719,"href":"https:\/\/restaurantealegrias.es\/index.php?rest_route=\/wp\/v2\/pages\/617\/revisions\/719"}],"wp:attachment":[{"href":"https:\/\/restaurantealegrias.es\/index.php?rest_route=%2Fwp%2Fv2%2Fmedia&parent=617"}],"curies":[{"name":"wp","href":"https:\/\/api.w.org\/{rel}","templated":true}]}}